{"id":2934,"date":"2024-05-02T09:03:26","date_gmt":"2024-05-02T07:03:26","guid":{"rendered":"https:\/\/sinterfiltri.com\/uncategorized\/sintered-bronze-bushing-filter\/"},"modified":"2024-05-02T09:03:26","modified_gmt":"2024-05-02T07:03:26","slug":"sintered-bronze-bushing-filter","status":"publish","type":"product","link":"https:\/\/sinterfiltri.com\/en\/filters\/sintered-bronze-bushing-filter\/","title":{"rendered":"Sintered Bronze Bushing Filter"},"content":{"rendered":"<p>Il Filtro Boccola Bronzo Sinterizzato \u00e8 un filtro speciale prodotto in Italia dalla <a href=\"https:\/\/sinterfiltri.com\/en\/company\/\">Sinterfiltri<\/a> , attraverso il processo di sinterizzazione della polvere di bronzo.<br \/>\nOltre all'ampio catalogo di prodotti gi\u00e0 realizzati, la Sinterfiltri produce il filtro a boccola su specifica richiesta, in base alla porosit\u00e0 e misure indicate dal cliente.<\/p>\n<p><strong>CARATTERISTICHE<\/strong><\/p>\n<p><strong>Composizione<\/strong>: 89% rame 11% stagno<br \/>\n<strong>Densit\u00e0<\/strong>: da 4,5 a 5,5 gr\/Cm3<br \/>\n<strong>Porosit\u00e0<\/strong>: da 30% a 40%<br \/>\n<strong>Resistenza alla trazione<\/strong>: da 3 a 5 Kg\/mm2<br \/>\n<strong>Allungamento<\/strong>: da 2% a 3%<br \/>\n<strong>Soglia di filtrazione<\/strong>: da 5\u00b5 a 120\u00b5<br \/>\n<strong>Tolleranze di esecuzione<\/strong>: + - 3%<br \/>\n<strong>Temperatura di impiego<\/strong>:<\/p>\n<ul>\n<li>fino a 200\u00b0C in ambiente ossidante<\/li>\n<li>fino a 450\u00b0C in ambiente riducente<\/li>\n<\/ul>\n","protected":false},"excerpt":{"rendered":"<p><strong>I filtri in bronzo sinterizzato a forma di boccola Sinterfiltri<\/strong>\u00a0sono componenti meccanici utilizzati per filtrare e separare particelle solide da fluidi (liquidi o gas) in diverse applicazioni industriali. Questi filtri sono realizzati attraverso il processo di sinterizzazione del bronzo, che consiste nel riscaldare la polvere di bronzo fino a una temperatura sufficiente per far fondere parzialmente le particelle, ma senza liquefarle completamente, creando cos\u00ec una struttura solida.\u00a0<strong>Caratteristiche principali dei filtri in bronzo sinterizzato a forma di boccola:<\/strong><\/p>\n<ul>\n<li>Filtraggio efficace: Questi filtri sono progettati per offrire un alto livello di filtrazione, catturando particelle indesiderate di varie dimensioni presenti nei fluidi.<\/li>\n<li>Resistenza meccanica: Il bronzo sinterizzato \u00e8 noto per la sua resistenza e durata, garantendo una lunga vita utile al filtro e una maggiore resistenza all'usura e agli urti.<\/li>\n<li>Resistenza alla corrosione: Il bronzo \u00e8 un materiale resistente alla corrosione, il che li rende adatti per applicazioni in ambienti chimicamente aggressivi o all'aperto.<\/li>\n<li>Porosit\u00e0 controllata: Durante il processo di sinterizzazione, \u00e8 possibile controllare accuratamente la porosit\u00e0 dei filtri, consentendo la selezione di specifici livelli di filtrazione a seconda delle esigenze dell'applicazione.<\/li>\n<\/ul>\n","protected":false},"featured_media":2403,"comment_status":"closed","ping_status":"closed","template":"","meta":{"_acf_changed":false},"product_brand":[],"product_cat":[117,90],"product_tag":[128,103],"class_list":{"0":"post-2934","1":"product","2":"type-product","3":"status-publish","4":"has-post-thumbnail","6":"product_cat-bronze-cylindric","7":"product_cat-filters","8":"product_tag-cylindric-bushing","9":"product_tag-filters","11":"first","12":"instock","13":"shipping-taxable","14":"product-type-simple"},"acf":[],"yoast_head":"<!-- This site is optimized with the Yoast SEO plugin v25.3 - https:\/\/yoast.com\/wordpress\/plugins\/seo\/ -->\n<title>Sintered Bronze Bushing Filter | Sinterfiltri<\/title>\n<meta name=\"description\" content=\"Sintered Bronze Bushing Filter, extensive product catalog in stock and production of special sintered filters upon customer request.\" \/>\n<meta name=\"robots\" content=\"index, follow, max-snippet:-1, max-image-preview:large, max-video-preview:-1\" \/>\n<link rel=\"canonical\" href=\"https:\/\/sinterfiltri.com\/en\/filters\/sintered-bronze-bushing-filter\/\" \/>\n<meta property=\"og:locale\" content=\"en_US\" \/>\n<meta property=\"og:type\" content=\"article\" \/>\n<meta property=\"og:title\" content=\"Sintered Bronze Bushing Filter | Sinterfiltri\" \/>\n<meta property=\"og:description\" content=\"Sintered Bronze Bushing Filter, extensive product catalog in stock and production of special sintered filters upon customer request.\" \/>\n<meta property=\"og:url\" content=\"https:\/\/sinterfiltri.com\/en\/filters\/sintered-bronze-bushing-filter\/\" \/>\n<meta property=\"og:site_name\" content=\"Sinterfiltri\" \/>\n<meta property=\"og:image\" content=\"https:\/\/sinterfiltri.com\/wp-content\/uploads\/2024\/05\/Boccola-Bronzo-Sinterizzato-Sinterfiltri.png\" \/>\n\t<meta property=\"og:image:width\" content=\"1080\" \/>\n\t<meta property=\"og:image:height\" content=\"1080\" \/>\n\t<meta property=\"og:image:type\" content=\"image\/png\" \/>\n<meta name=\"twitter:card\" content=\"summary_large_image\" \/>\n<script type=\"application\/ld+json\" class=\"yoast-schema-graph\">{\"@context\":\"https:\/\/schema.org\",\"@graph\":[{\"@type\":\"WebPage\",\"@id\":\"https:\/\/sinterfiltri.com\/en\/filters\/sintered-bronze-bushing-filter\/\",\"url\":\"https:\/\/sinterfiltri.com\/en\/filters\/sintered-bronze-bushing-filter\/\",\"name\":\"Sintered Bronze Bushing Filter | Sinterfiltri\",\"isPartOf\":{\"@id\":\"https:\/\/sinterfiltri.com\/en\/#website\"},\"primaryImageOfPage\":{\"@id\":\"https:\/\/sinterfiltri.com\/en\/filters\/sintered-bronze-bushing-filter\/#primaryimage\"},\"image\":{\"@id\":\"https:\/\/sinterfiltri.com\/en\/filters\/sintered-bronze-bushing-filter\/#primaryimage\"},\"thumbnailUrl\":\"https:\/\/sinterfiltri.com\/wp-content\/uploads\/2024\/05\/Boccola-Bronzo-Sinterizzato-Sinterfiltri.png\",\"datePublished\":\"2024-05-02T07:03:26+00:00\",\"description\":\"Sintered Bronze Bushing Filter, extensive product catalog in stock and production of special sintered filters upon customer request.\",\"breadcrumb\":{\"@id\":\"https:\/\/sinterfiltri.com\/en\/filters\/sintered-bronze-bushing-filter\/#breadcrumb\"},\"inLanguage\":\"en-US\",\"potentialAction\":[{\"@type\":\"ReadAction\",\"target\":[\"https:\/\/sinterfiltri.com\/en\/filters\/sintered-bronze-bushing-filter\/\"]}]},{\"@type\":\"ImageObject\",\"inLanguage\":\"en-US\",\"@id\":\"https:\/\/sinterfiltri.com\/en\/filters\/sintered-bronze-bushing-filter\/#primaryimage\",\"url\":\"https:\/\/sinterfiltri.com\/wp-content\/uploads\/2024\/05\/Boccola-Bronzo-Sinterizzato-Sinterfiltri.png\",\"contentUrl\":\"https:\/\/sinterfiltri.com\/wp-content\/uploads\/2024\/05\/Boccola-Bronzo-Sinterizzato-Sinterfiltri.png\",\"width\":1080,\"height\":1080,\"caption\":\"Sintered Bronze Bushing Filter Sinterfiltri\"},{\"@type\":\"BreadcrumbList\",\"@id\":\"https:\/\/sinterfiltri.com\/en\/filters\/sintered-bronze-bushing-filter\/#breadcrumb\",\"itemListElement\":[{\"@type\":\"ListItem\",\"position\":1,\"name\":\"Home\",\"item\":\"https:\/\/sinterfiltri.com\/en\/\"},{\"@type\":\"ListItem\",\"position\":2,\"name\":\"Products\",\"item\":\"https:\/\/sinterfiltri.com\/en\/shop\/\"},{\"@type\":\"ListItem\",\"position\":3,\"name\":\"Sintered Bronze Bushing Filter\"}]},{\"@type\":\"WebSite\",\"@id\":\"https:\/\/sinterfiltri.com\/en\/#website\",\"url\":\"https:\/\/sinterfiltri.com\/en\/\",\"name\":\"Sinterfiltri\",\"description\":\"\",\"publisher\":{\"@id\":\"https:\/\/sinterfiltri.com\/en\/#organization\"},\"potentialAction\":[{\"@type\":\"SearchAction\",\"target\":{\"@type\":\"EntryPoint\",\"urlTemplate\":\"https:\/\/sinterfiltri.com\/en\/?s={search_term_string}\"},\"query-input\":{\"@type\":\"PropertyValueSpecification\",\"valueRequired\":true,\"valueName\":\"search_term_string\"}}],\"inLanguage\":\"en-US\"},{\"@type\":\"Organization\",\"@id\":\"https:\/\/sinterfiltri.com\/en\/#organization\",\"name\":\"Sinterfiltri s.r.l.\",\"alternateName\":\"Sinterfiltri\",\"url\":\"https:\/\/sinterfiltri.com\/en\/\",\"logo\":{\"@type\":\"ImageObject\",\"inLanguage\":\"en-US\",\"@id\":\"https:\/\/sinterfiltri.com\/en\/#\/schema\/logo\/image\/\",\"url\":\"https:\/\/sinterfiltri.com\/wp-content\/uploads\/2024\/04\/logo-sinter-filtri.png\",\"contentUrl\":\"https:\/\/sinterfiltri.com\/wp-content\/uploads\/2024\/04\/logo-sinter-filtri.png\",\"width\":450,\"height\":140,\"caption\":\"Sinterfiltri s.r.l.\"},\"image\":{\"@id\":\"https:\/\/sinterfiltri.com\/en\/#\/schema\/logo\/image\/\"}}]}<\/script>\n<!-- \/ Yoast SEO plugin. -->","yoast_head_json":{"title":"Sintered Bronze Bushing Filter | Sinterfiltri","description":"Sintered Bronze Bushing Filter, extensive product catalog in stock and production of special sintered filters upon customer request.","robots":{"index":"index","follow":"follow","max-snippet":"max-snippet:-1","max-image-preview":"max-image-preview:large","max-video-preview":"max-video-preview:-1"},"canonical":"https:\/\/sinterfiltri.com\/en\/filters\/sintered-bronze-bushing-filter\/","og_locale":"en_US","og_type":"article","og_title":"Sintered Bronze Bushing Filter | Sinterfiltri","og_description":"Sintered Bronze Bushing Filter, extensive product catalog in stock and production of special sintered filters upon customer request.","og_url":"https:\/\/sinterfiltri.com\/en\/filters\/sintered-bronze-bushing-filter\/","og_site_name":"Sinterfiltri","og_image":[{"width":1080,"height":1080,"url":"https:\/\/sinterfiltri.com\/wp-content\/uploads\/2024\/05\/Boccola-Bronzo-Sinterizzato-Sinterfiltri.png","type":"image\/png"}],"twitter_card":"summary_large_image","schema":{"@context":"https:\/\/schema.org","@graph":[{"@type":"WebPage","@id":"https:\/\/sinterfiltri.com\/en\/filters\/sintered-bronze-bushing-filter\/","url":"https:\/\/sinterfiltri.com\/en\/filters\/sintered-bronze-bushing-filter\/","name":"Sintered Bronze Bushing Filter | Sinterfiltri","isPartOf":{"@id":"https:\/\/sinterfiltri.com\/en\/#website"},"primaryImageOfPage":{"@id":"https:\/\/sinterfiltri.com\/en\/filters\/sintered-bronze-bushing-filter\/#primaryimage"},"image":{"@id":"https:\/\/sinterfiltri.com\/en\/filters\/sintered-bronze-bushing-filter\/#primaryimage"},"thumbnailUrl":"https:\/\/sinterfiltri.com\/wp-content\/uploads\/2024\/05\/Boccola-Bronzo-Sinterizzato-Sinterfiltri.png","datePublished":"2024-05-02T07:03:26+00:00","description":"Sintered Bronze Bushing Filter, extensive product catalog in stock and production of special sintered filters upon customer request.","breadcrumb":{"@id":"https:\/\/sinterfiltri.com\/en\/filters\/sintered-bronze-bushing-filter\/#breadcrumb"},"inLanguage":"en-US","potentialAction":[{"@type":"ReadAction","target":["https:\/\/sinterfiltri.com\/en\/filters\/sintered-bronze-bushing-filter\/"]}]},{"@type":"ImageObject","inLanguage":"en-US","@id":"https:\/\/sinterfiltri.com\/en\/filters\/sintered-bronze-bushing-filter\/#primaryimage","url":"https:\/\/sinterfiltri.com\/wp-content\/uploads\/2024\/05\/Boccola-Bronzo-Sinterizzato-Sinterfiltri.png","contentUrl":"https:\/\/sinterfiltri.com\/wp-content\/uploads\/2024\/05\/Boccola-Bronzo-Sinterizzato-Sinterfiltri.png","width":1080,"height":1080,"caption":"Sintered Bronze Bushing Filter Sinterfiltri"},{"@type":"BreadcrumbList","@id":"https:\/\/sinterfiltri.com\/en\/filters\/sintered-bronze-bushing-filter\/#breadcrumb","itemListElement":[{"@type":"ListItem","position":1,"name":"Home","item":"https:\/\/sinterfiltri.com\/en\/"},{"@type":"ListItem","position":2,"name":"Products","item":"https:\/\/sinterfiltri.com\/en\/shop\/"},{"@type":"ListItem","position":3,"name":"Sintered Bronze Bushing Filter"}]},{"@type":"WebSite","@id":"https:\/\/sinterfiltri.com\/en\/#website","url":"https:\/\/sinterfiltri.com\/en\/","name":"Sinterfiltri","description":"","publisher":{"@id":"https:\/\/sinterfiltri.com\/en\/#organization"},"potentialAction":[{"@type":"SearchAction","target":{"@type":"EntryPoint","urlTemplate":"https:\/\/sinterfiltri.com\/en\/?s={search_term_string}"},"query-input":{"@type":"PropertyValueSpecification","valueRequired":true,"valueName":"search_term_string"}}],"inLanguage":"en-US"},{"@type":"Organization","@id":"https:\/\/sinterfiltri.com\/en\/#organization","name":"Sinterfiltri s.r.l.","alternateName":"Sinterfiltri","url":"https:\/\/sinterfiltri.com\/en\/","logo":{"@type":"ImageObject","inLanguage":"en-US","@id":"https:\/\/sinterfiltri.com\/en\/#\/schema\/logo\/image\/","url":"https:\/\/sinterfiltri.com\/wp-content\/uploads\/2024\/04\/logo-sinter-filtri.png","contentUrl":"https:\/\/sinterfiltri.com\/wp-content\/uploads\/2024\/04\/logo-sinter-filtri.png","width":450,"height":140,"caption":"Sinterfiltri s.r.l."},"image":{"@id":"https:\/\/sinterfiltri.com\/en\/#\/schema\/logo\/image\/"}}]}},"_links":{"self":[{"href":"https:\/\/sinterfiltri.com\/en\/wp-json\/wp\/v2\/product\/2934","targetHints":{"allow":["GET"]}}],"collection":[{"href":"https:\/\/sinterfiltri.com\/en\/wp-json\/wp\/v2\/product"}],"about":[{"href":"https:\/\/sinterfiltri.com\/en\/wp-json\/wp\/v2\/types\/product"}],"replies":[{"embeddable":true,"href":"https:\/\/sinterfiltri.com\/en\/wp-json\/wp\/v2\/comments?post=2934"}],"wp:featuredmedia":[{"embeddable":true,"href":"https:\/\/sinterfiltri.com\/en\/wp-json\/wp\/v2\/media\/2403"}],"wp:attachment":[{"href":"https:\/\/sinterfiltri.com\/en\/wp-json\/wp\/v2\/media?parent=2934"}],"wp:term":[{"taxonomy":"product_brand","embeddable":true,"href":"https:\/\/sinterfiltri.com\/en\/wp-json\/wp\/v2\/product_brand?post=2934"},{"taxonomy":"product_cat","embeddable":true,"href":"https:\/\/sinterfiltri.com\/en\/wp-json\/wp\/v2\/product_cat?post=2934"},{"taxonomy":"product_tag","embeddable":true,"href":"https:\/\/sinterfiltri.com\/en\/wp-json\/wp\/v2\/product_tag?post=2934"}],"curies":[{"name":"wp","href":"https:\/\/api.w.org\/{rel}","templated":true}]}}